{"id":6629,"date":"2026-04-19T11:13:18","date_gmt":"2026-04-19T14:13:18","guid":{"rendered":"https:\/\/www.pedidosdelivery.com.br\/recantogaucho\/?page_id=6629"},"modified":"2026-04-19T11:18:14","modified_gmt":"2026-04-19T14:18:14","slug":"sistema-em-manutencao","status":"publish","type":"page","link":"https:\/\/www.pedidosdelivery.com.br\/recantogaucho\/sistema-em-manutencao\/","title":{"rendered":"Sistema em Manuten\u00e7\u00e3o"},"content":{"rendered":"\t\t<div data-elementor-type=\"wp-page\" data-elementor-id=\"6629\" class=\"elementor elementor-6629\" data-elementor-post-type=\"page\">\n\t\t\t\t<div data-particle_enable=\"false\" data-particle-mobile-disabled=\"false\" class=\"elementor-element elementor-element-a9085ca e-flex e-con-boxed e-con e-parent\" data-id=\"a9085ca\" data-element_type=\"container\" data-e-type=\"container\">\n\t\t\t\t\t<div class=\"e-con-inner\">\n\t\t\t\t<div class=\"elementor-element elementor-element-49cc781 elementor-view-default elementor-widget elementor-widget-icon\" data-id=\"49cc781\" data-element_type=\"widget\" data-e-type=\"widget\" data-widget_type=\"icon.default\">\n\t\t\t\t<div class=\"elementor-widget-container\">\n\t\t\t\t\t\t\t<div class=\"elementor-icon-wrapper\">\n\t\t\t<div class=\"elementor-icon\">\n\t\t\t<svg aria-hidden=\"true\" class=\"e-font-icon-svg e-far-sad-tear\" viewBox=\"0 0 496 512\" xmlns=\"http:\/\/www.w3.org\/2000\/svg\"><path d=\"M248 8C111 8 0 119 0 256s111 248 248 248 248-111 248-248S385 8 248 8zm0 448c-110.3 0-200-89.7-200-200S137.7 56 248 56s200 89.7 200 200-89.7 200-200 200zm8-152c-13.2 0-24 10.8-24 24s10.8 24 24 24c23.8 0 46.3 10.5 61.6 28.8 8.1 9.8 23.2 11.9 33.8 3.1 10.2-8.5 11.6-23.6 3.1-33.8C330 320.8 294.1 304 256 304zm-88-64c17.7 0 32-14.3 32-32s-14.3-32-32-32-32 14.3-32 32 14.3 32 32 32zm160-64c-17.7 0-32 14.3-32 32s14.3 32 32 32 32-14.3 32-32-14.3-32-32-32zm-165.6 98.8C151 290.1 126 325.4 126 342.9c0 22.7 18.8 41.1 42 41.1s42-18.4 42-41.1c0-17.5-25-52.8-36.4-68.1-2.8-3.7-8.4-3.7-11.2 0z\"><\/path><\/svg>\t\t\t<\/div>\n\t\t<\/div>\n\t\t\t\t\t\t<\/div>\n\t\t\t\t<\/div>\n\t\t\t\t<div class=\"elementor-element elementor-element-a0414f9 elementor-widget elementor-widget-heading\" data-id=\"a0414f9\" data-element_type=\"widget\" data-e-type=\"widget\" data-widget_type=\"heading.default\">\n\t\t\t\t<div class=\"elementor-widget-container\">\n\t\t\t\t\t<h2 class=\"elementor-heading-title elementor-size-default\">Sinto muito, mas estamos em manuten\u00e7\u00e3o no momento.<\/h2>\t\t\t\t<\/div>\n\t\t\t\t<\/div>\n\t\t\t\t<div class=\"elementor-element elementor-element-00a65e8 elementor-widget elementor-widget-heading\" data-id=\"00a65e8\" data-element_type=\"widget\" data-e-type=\"widget\" data-widget_type=\"heading.default\">\n\t\t\t\t<div class=\"elementor-widget-container\">\n\t\t\t\t\t<h5 class=\"elementor-heading-title elementor-size-default\">O nosso Aplicativo est\u00e1 passando por melhorias para melhor atender voc\u00ea, mas n\u00e3o se preocupe que voc\u00ea poder\u00e1 fazer o seu pedido atrav\u00e9s do nosso televendas (79) 3211-8177.\n\n\n\n<\/h5>\t\t\t\t<\/div>\n\t\t\t\t<\/div>\n\t\t\t\t\t<\/div>\n\t\t\t\t<\/div>\n\t\t\t\t<\/div>\n\t\t","protected":false},"excerpt":{"rendered":"<p>Sinto muito, mas estamos em manuten\u00e7\u00e3o no momento. O nosso Aplicativo est\u00e1 passando por melhorias para melhor atender voc\u00ea, mas n\u00e3o se preocupe que voc\u00ea poder\u00e1 fazer o seu pedido atrav\u00e9s do nosso televendas (79) 3211-8177.<\/p>\n","protected":false},"author":1,"featured_media":0,"parent":0,"menu_order":0,"comment_status":"closed","ping_status":"closed","template":"elementor_header_footer","meta":{"footnotes":""},"class_list":["post-6629","page","type-page","status-publish","hentry"],"_links":{"self":[{"href":"https:\/\/www.pedidosdelivery.com.br\/recantogaucho\/wp-json\/wp\/v2\/pages\/6629","targetHints":{"allow":["GET"]}}],"collection":[{"href":"https:\/\/www.pedidosdelivery.com.br\/recantogaucho\/wp-json\/wp\/v2\/pages"}],"about":[{"href":"https:\/\/www.pedidosdelivery.com.br\/recantogaucho\/wp-json\/wp\/v2\/types\/page"}],"author":[{"embeddable":true,"href":"https:\/\/www.pedidosdelivery.com.br\/recantogaucho\/wp-json\/wp\/v2\/users\/1"}],"replies":[{"embeddable":true,"href":"https:\/\/www.pedidosdelivery.com.br\/recantogaucho\/wp-json\/wp\/v2\/comments?post=6629"}],"version-history":[{"count":7,"href":"https:\/\/www.pedidosdelivery.com.br\/recantogaucho\/wp-json\/wp\/v2\/pages\/6629\/revisions"}],"predecessor-version":[{"id":6636,"href":"https:\/\/www.pedidosdelivery.com.br\/recantogaucho\/wp-json\/wp\/v2\/pages\/6629\/revisions\/6636"}],"wp:attachment":[{"href":"https:\/\/www.pedidosdelivery.com.br\/recantogaucho\/wp-json\/wp\/v2\/media?parent=6629"}],"curies":[{"name":"wp","href":"https:\/\/api.w.org\/{rel}","templated":true}]}}